{"id":3122,"date":"2025-07-03T10:12:44","date_gmt":"2025-07-03T09:12:44","guid":{"rendered":"https:\/\/luves.pxlab.space\/?page_id=3122"},"modified":"2025-08-15T07:17:14","modified_gmt":"2025-08-15T06:17:14","slug":"customer-service","status":"publish","type":"page","link":"https:\/\/www.luves.ch\/ch\/kundenservice\/","title":{"rendered":"Kundendienst"},"content":{"rendered":"<div data-elementor-type=\"wp-page\" data-elementor-id=\"3122\" class=\"elementor elementor-3122\" data-elementor-post-type=\"page\">\n\t\t\t\t<div class=\"elementor-element elementor-element-ebc5da4 e-flex e-con-boxed e-con e-parent\" data-id=\"ebc5da4\" data-element_type=\"container\" data-e-type=\"container\" data-settings=\"{&quot;background_background&quot;:&quot;video&quot;,&quot;background_video_link&quot;:&quot;https:\\\/\\\/www.luves.ch\\\/wp-content\\\/uploads\\\/2025\\\/07\\\/7682761-hd_1920_1080_24fps.mp4&quot;,&quot;background_play_on_mobile&quot;:&quot;yes&quot;}\">\n\t\t\t\t\t<div class=\"e-con-inner\">\n\t\t<div class=\"elementor-background-video-container\">\n\t\t\t\t\t\t\t<video class=\"elementor-background-video-hosted\" role=\"presentation\" autoplay muted playsinline loop><\/video>\n\t\t\t\t\t<\/div><div class=\"elementor-element elementor-element-cde0d8b e-con-full e-grid e-con e-child\" data-id=\"cde0d8b\" data-element_type=\"container\" data-e-type=\"container\">\n\t\t\t\t<div class=\"elementor-element elementor-element-2760ba0 elementor-icon-list--layout-traditional elementor-list-item-link-full_width elementor-widget elementor-widget-icon-list\" data-id=\"2760ba0\" data-element_type=\"widget\" data-e-type=\"widget\" data-widget_type=\"icon-list.default\">\n\t\t\t\t\t\t\t<ul class=\"elementor-icon-list-items\">\n\t\t\t\t\t\t\t<li class=\"elementor-icon-list-item\">\n\t\t\t\t\t\t\t\t\t\t\t<span class=\"elementor-icon-list-icon\">\n\t\t\t\t\t\t\t<svg aria-hidden=\"true\" class=\"e-font-icon-svg e-fas-circle\" viewbox=\"0 0 512 512\" xmlns=\"http:\/\/www.w3.org\/2000\/svg\"><path d=\"M256 8C119 8 8 119 8 256s111 248 248 248 248-111 248-248S393 8 256 8z\"><\/path><\/svg>\t\t\t\t\t\t<\/span>\n\t\t\t\t\t\t\t\t\t\t<span class=\"elementor-icon-list-text\">Kundendienst<\/span>\n\t\t\t\t\t\t\t\t\t<\/li>\n\t\t\t\t\t\t<\/ul>\n\t\t\t\t\t\t<\/div>\n\t\t\t\t<div class=\"elementor-element elementor-element-ae8a2c8 elementor-widget elementor-widget-spacer\" data-id=\"ae8a2c8\" data-element_type=\"widget\" data-e-type=\"widget\" data-widget_type=\"spacer.default\">\n\t\t\t\t\t\t\t<div class=\"elementor-spacer\">\n\t\t\t<div class=\"elementor-spacer-inner\"><\/div>\n\t\t<\/div>\n\t\t\t\t\t\t<\/div>\n\t\t\t\t<div class=\"elementor-element elementor-element-b787d27 elementor-widget elementor-widget-spacer\" data-id=\"b787d27\" data-element_type=\"widget\" data-e-type=\"widget\" data-widget_type=\"spacer.default\">\n\t\t\t\t\t\t\t<div class=\"elementor-spacer\">\n\t\t\t<div class=\"elementor-spacer-inner\"><\/div>\n\t\t<\/div>\n\t\t\t\t\t\t<\/div>\n\t\t\t\t<div class=\"elementor-element elementor-element-434e64b elementor-widget elementor-widget-heading\" data-id=\"434e64b\" data-element_type=\"widget\" data-e-type=\"widget\" data-widget_type=\"heading.default\">\n\t\t\t\t\t<h2 class=\"elementor-heading-title elementor-size-default\">Menschliche Verbindung trifft auf operative Exzellenz.<\/h2>\t\t\t\t<\/div>\n\t\t\t\t<div class=\"elementor-element elementor-element-0d4739f elementor-widget elementor-widget-spacer\" data-id=\"0d4739f\" data-element_type=\"widget\" data-e-type=\"widget\" data-widget_type=\"spacer.default\">\n\t\t\t\t\t\t\t<div class=\"elementor-spacer\">\n\t\t\t<div class=\"elementor-spacer-inner\"><\/div>\n\t\t<\/div>\n\t\t\t\t\t\t<\/div>\n\t\t<div class=\"elementor-element elementor-element-2dd4eec e-grid e-con-full e-con e-child\" data-id=\"2dd4eec\" data-element_type=\"container\" data-e-type=\"container\">\n\t\t<div class=\"elementor-element elementor-element-55a426e e-con-full e-flex e-con e-child\" data-id=\"55a426e\" data-element_type=\"container\" data-e-type=\"container\">\n\t\t\t\t<div class=\"elementor-element elementor-element-8380c5f elementor-widget elementor-widget-text-editor\" data-id=\"8380c5f\" data-element_type=\"widget\" data-e-type=\"widget\" data-widget_type=\"text-editor.default\">\n\t\t\t\t\t\t\t\t\tBei Luves unterst\u00fctzen wir Sie dabei, langfristige Kundenbeziehungen aufzubauen \u2013 mit professionellen, skalierbaren und mehrsprachigen Kundendienstl\u00f6sungen. Von Callcentern \u00fcber technischen Support bis hin zur Lead-Generierung bieten wir nahtlose Kundeninteraktionen, die die Zufriedenheit steigern und das Gesch\u00e4ftswachstum f\u00f6rdern \u2013 ganz ohne den Aufwand einer eigenen internen Teamverwaltung.\t\t\t\t\t\t\t\t<\/div>\n\t\t\t\t<\/div>\n\t\t\t\t<\/div>\n\t\t\t\t<div class=\"elementor-element elementor-element-4e038b3 elementor-widget elementor-widget-spacer\" data-id=\"4e038b3\" data-element_type=\"widget\" data-e-type=\"widget\" data-widget_type=\"spacer.default\">\n\t\t\t\t\t\t\t<div class=\"elementor-spacer\">\n\t\t\t<div class=\"elementor-spacer-inner\"><\/div>\n\t\t<\/div>\n\t\t\t\t\t\t<\/div>\n\t\t\t\t<\/div>\n\t\t\t\t\t<\/div>\n\t\t\t\t<\/div>\n\t\t<div class=\"elementor-element elementor-element-d3bce61 e-grid e-con-boxed e-con e-parent\" data-id=\"d3bce61\" data-element_type=\"container\" data-e-type=\"container\" data-settings=\"{&quot;background_background&quot;:&quot;classic&quot;}\">\n\t\t\t\t\t<div class=\"e-con-inner\">\n\t\t<div class=\"elementor-element elementor-element-3e306aa e-con-full e-flex e-con e-child\" data-id=\"3e306aa\" data-element_type=\"container\" data-e-type=\"container\">\n\t\t\t\t<div class=\"elementor-element elementor-element-d9d8161 elementor-widget elementor-widget-heading\" data-id=\"d9d8161\" data-element_type=\"widget\" data-e-type=\"widget\" data-widget_type=\"heading.default\">\n\t\t\t\t\t<h2 class=\"elementor-heading-title elementor-size-default\">Luves Kundendienst-Outsourcing<\/h2>\t\t\t\t<\/div>\n\t\t\t\t<div class=\"elementor-element elementor-element-af5e68b elementor-widget elementor-widget-spacer\" data-id=\"af5e68b\" data-element_type=\"widget\" data-e-type=\"widget\" data-widget_type=\"spacer.default\">\n\t\t\t\t\t\t\t<div class=\"elementor-spacer\">\n\t\t\t<div class=\"elementor-spacer-inner\"><\/div>\n\t\t<\/div>\n\t\t\t\t\t\t<\/div>\n\t\t\t\t<div class=\"elementor-element elementor-element-61328a5 elementor-widget elementor-widget-text-editor\" data-id=\"61328a5\" data-element_type=\"widget\" data-e-type=\"widget\" data-widget_type=\"text-editor.default\">\n\t\t\t\t\t\t\t\t\t<p>Zuverl\u00e4ssige Partner f\u00fcr Ihre digitalen Kommunikationsanforderungen.<\/p>\t\t\t\t\t\t\t\t<\/div>\n\t\t\t\t<div class=\"elementor-element elementor-element-2c3651c elementor-widget elementor-widget-spacer\" data-id=\"2c3651c\" data-element_type=\"widget\" data-e-type=\"widget\" data-widget_type=\"spacer.default\">\n\t\t\t\t\t\t\t<div class=\"elementor-spacer\">\n\t\t\t<div class=\"elementor-spacer-inner\"><\/div>\n\t\t<\/div>\n\t\t\t\t\t\t<\/div>\n\t\t\t\t<div class=\"elementor-element elementor-element-80a2df8 elementor-widget elementor-widget-text-editor\" data-id=\"80a2df8\" data-element_type=\"widget\" data-e-type=\"widget\" data-widget_type=\"text-editor.default\">\n\t\t\t\t\t\t\t\t\tLuves ist Ihr verl\u00e4sslicher Partner f\u00fcr IT- und Kundendienst-Outsourcing. Wir st\u00e4rken Ihr Unternehmen mit flexiblen, hochwertigen Kommunikationsdienstleistungen \u2013 sei es die Verwaltung Ihres Onlineshops, technischer Support oder allgemeiner Kundenservice. Wir helfen Ihnen, den Kontakt zu Ihren Kunden effizient, professionell und rund um die Uhr aufrechtzuerhalten.\t\t\t\t\t\t\t\t<\/div>\n\t\t\t\t<div class=\"elementor-element elementor-element-28fdcbe elementor-widget elementor-widget-spacer\" data-id=\"28fdcbe\" data-element_type=\"widget\" data-e-type=\"widget\" data-widget_type=\"spacer.default\">\n\t\t\t\t\t\t\t<div class=\"elementor-spacer\">\n\t\t\t<div class=\"elementor-spacer-inner\"><\/div>\n\t\t<\/div>\n\t\t\t\t\t\t<\/div>\n\t\t\t\t<\/div>\n\t\t<div class=\"elementor-element elementor-element-99a044b e-con-full e-flex e-con e-child\" data-id=\"99a044b\" data-element_type=\"container\" data-e-type=\"container\">\n\t\t\t\t<div class=\"elementor-element elementor-element-0d0b280 elementor-widget elementor-widget-text-editor\" data-id=\"0d0b280\" data-element_type=\"widget\" data-e-type=\"widget\" data-widget_type=\"text-editor.default\">\n\t\t\t\t\t\t\t\t\tWir beschleunigen Ihren Vertrieb, damit Sie sich auf das Wachstum Ihres Unternehmens konzentrieren k\u00f6nnen.\t\t\t\t\t\t\t\t<\/div>\n\t\t\t\t<div class=\"elementor-element elementor-element-73754e1 elementor-widget elementor-widget-spacer\" data-id=\"73754e1\" data-element_type=\"widget\" data-e-type=\"widget\" data-widget_type=\"spacer.default\">\n\t\t\t\t\t\t\t<div class=\"elementor-spacer\">\n\t\t\t<div class=\"elementor-spacer-inner\"><\/div>\n\t\t<\/div>\n\t\t\t\t\t\t<\/div>\n\t\t\t\t<div class=\"elementor-element elementor-element-abf332a elementor-widget elementor-widget-text-editor\" data-id=\"abf332a\" data-element_type=\"widget\" data-e-type=\"widget\" data-widget_type=\"text-editor.default\">\n\t\t\t\t\t\t\t\t\t<p>Indem Sie Ihren Kundendienst an Luves auslagern, vermeiden Sie den zeitlichen Aufwand, die Kosten und die Komplexit\u00e4t, interne Supportstrukturen von Grund auf aufzubauen. Stattdessen erhalten Sie Zugang zu einem engagierten, fachkundig geschulten Team, das sich nahtlos in Ihre Abl\u00e4ufe integriert. Wir passen uns Ihren Systemen, Ihrem Kommunikationsstil und den Erwartungen Ihrer Kunden an.<\/p>\t\t\t\t\t\t\t\t<\/div>\n\t\t\t\t<\/div>\n\t\t\t\t\t<\/div>\n\t\t\t\t<\/div>\n\t\t<div class=\"elementor-element elementor-element-ff9a73f e-con-full e-flex e-con e-parent\" data-id=\"ff9a73f\" data-element_type=\"container\" data-e-type=\"container\" data-settings=\"{&quot;background_background&quot;:&quot;classic&quot;}\">\n\t\t<div class=\"elementor-element elementor-element-e7a8c2b e-con-full e-flex e-con e-child\" data-id=\"e7a8c2b\" data-element_type=\"container\" data-e-type=\"container\">\n\t\t<div class=\"elementor-element elementor-element-2c53006 e-grid e-con-boxed e-con e-child\" data-id=\"2c53006\" data-element_type=\"container\" data-e-type=\"container\">\n\t\t\t\t\t<div class=\"e-con-inner\">\n\t\t<div class=\"elementor-element elementor-element-e793ecb e-con-full e-flex e-con e-child\" data-id=\"e793ecb\" data-element_type=\"container\" data-e-type=\"container\">\n\t\t\t\t<div class=\"elementor-element elementor-element-00bf910 elementor-widget elementor-widget-text-editor\" data-id=\"00bf910\" data-element_type=\"widget\" data-e-type=\"widget\" data-widget_type=\"text-editor.default\">\n\t\t\t\t\t\t\t\t\tEingehende Services\t\t\t\t\t\t\t\t<\/div>\n\t\t\t\t<div class=\"elementor-element elementor-element-516d870 elementor-widget elementor-widget-spacer\" data-id=\"516d870\" data-element_type=\"widget\" data-e-type=\"widget\" data-widget_type=\"spacer.default\">\n\t\t\t\t\t\t\t<div class=\"elementor-spacer\">\n\t\t\t<div class=\"elementor-spacer-inner\"><\/div>\n\t\t<\/div>\n\t\t\t\t\t\t<\/div>\n\t\t\t\t<div class=\"elementor-element elementor-element-1526775 elementor-align-start elementor-icon-list--layout-traditional elementor-list-item-link-full_width elementor-widget elementor-widget-icon-list\" data-id=\"1526775\" data-element_type=\"widget\" data-e-type=\"widget\" data-widget_type=\"icon-list.default\">\n\t\t\t\t\t\t\t<ul class=\"elementor-icon-list-items\">\n\t\t\t\t\t\t\t<li class=\"elementor-icon-list-item\">\n\t\t\t\t\t\t\t\t\t\t<span class=\"elementor-icon-list-text\">Auftragsabwicklung<\/span>\n\t\t\t\t\t\t\t\t\t<\/li>\n\t\t\t\t\t\t\t\t<li class=\"elementor-icon-list-item\">\n\t\t\t\t\t\t\t\t\t\t<span class=\"elementor-icon-list-text\">Virtueller B\u00fcroservice<\/span>\n\t\t\t\t\t\t\t\t\t<\/li>\n\t\t\t\t\t\t\t\t<li class=\"elementor-icon-list-item\">\n\t\t\t\t\t\t\t\t\t\t<span class=\"elementor-icon-list-text\">Kundenhotline<\/span>\n\t\t\t\t\t\t\t\t\t<\/li>\n\t\t\t\t\t\t\t\t<li class=\"elementor-icon-list-item\">\n\t\t\t\t\t\t\t\t\t\t<span class=\"elementor-icon-list-text\">Kundenbindungsdienste<\/span>\n\t\t\t\t\t\t\t\t\t<\/li>\n\t\t\t\t\t\t\t\t<li class=\"elementor-icon-list-item\">\n\t\t\t\t\t\t\t\t\t\t<span class=\"elementor-icon-list-text\">Notfall-Hotline<\/span>\n\t\t\t\t\t\t\t\t\t<\/li>\n\t\t\t\t\t\t\t\t<li class=\"elementor-icon-list-item\">\n\t\t\t\t\t\t\t\t\t\t<span class=\"elementor-icon-list-text\">Technischer Support-Hotline<\/span>\n\t\t\t\t\t\t\t\t\t<\/li>\n\t\t\t\t\t\t\t\t<li class=\"elementor-icon-list-item\">\n\t\t\t\t\t\t\t\t\t\t<span class=\"elementor-icon-list-text\">Zentrale Telefonvermittlung<\/span>\n\t\t\t\t\t\t\t\t\t<\/li>\n\t\t\t\t\t\t\t\t<li class=\"elementor-icon-list-item\">\n\t\t\t\t\t\t\t\t\t\t<span class=\"elementor-icon-list-text\">Upselling &amp; cross-selling<\/span>\n\t\t\t\t\t\t\t\t\t<\/li>\n\t\t\t\t\t\t\t\t<li class=\"elementor-icon-list-item\">\n\t\t\t\t\t\t\t\t\t\t<span class=\"elementor-icon-list-text\">First-Level-Support<\/span>\n\t\t\t\t\t\t\t\t\t<\/li>\n\t\t\t\t\t\t<\/ul>\n\t\t\t\t\t\t<\/div>\n\t\t\t\t<\/div>\n\t\t<div class=\"elementor-element elementor-element-fa31453 e-con-full e-flex e-con e-child\" data-id=\"fa31453\" data-element_type=\"container\" data-e-type=\"container\">\n\t\t\t\t<div class=\"elementor-element elementor-element-156f779 elementor-widget elementor-widget-text-editor\" data-id=\"156f779\" data-element_type=\"widget\" data-e-type=\"widget\" data-widget_type=\"text-editor.default\">\n\t\t\t\t\t\t\t\t\tAusgehende Services\t\t\t\t\t\t\t\t<\/div>\n\t\t\t\t<div class=\"elementor-element elementor-element-54807b7 elementor-widget elementor-widget-spacer\" data-id=\"54807b7\" data-element_type=\"widget\" data-e-type=\"widget\" data-widget_type=\"spacer.default\">\n\t\t\t\t\t\t\t<div class=\"elementor-spacer\">\n\t\t\t<div class=\"elementor-spacer-inner\"><\/div>\n\t\t<\/div>\n\t\t\t\t\t\t<\/div>\n\t\t\t\t<div class=\"elementor-element elementor-element-4223de0 elementor-align-start elementor-icon-list--layout-traditional elementor-list-item-link-full_width elementor-widget elementor-widget-icon-list\" data-id=\"4223de0\" data-element_type=\"widget\" data-e-type=\"widget\" data-widget_type=\"icon-list.default\">\n\t\t\t\t\t\t\t<ul class=\"elementor-icon-list-items\">\n\t\t\t\t\t\t\t<li class=\"elementor-icon-list-item\">\n\t\t\t\t\t\t\t\t\t\t<span class=\"elementor-icon-list-text\">Lead-Generierung<\/span>\n\t\t\t\t\t\t\t\t\t<\/li>\n\t\t\t\t\t\t\t\t<li class=\"elementor-icon-list-item\">\n\t\t\t\t\t\t\t\t\t\t<span class=\"elementor-icon-list-text\">Kundenzufriedenheitsumfragen<\/span>\n\t\t\t\t\t\t\t\t\t<\/li>\n\t\t\t\t\t\t\t\t<li class=\"elementor-icon-list-item\">\n\t\t\t\t\t\t\t\t\t\t<span class=\"elementor-icon-list-text\">Terminvereinbarung<\/span>\n\t\t\t\t\t\t\t\t\t<\/li>\n\t\t\t\t\t\t\t\t<li class=\"elementor-icon-list-item\">\n\t\t\t\t\t\t\t\t\t\t<span class=\"elementor-icon-list-text\">Lead-Pflege und -Verfolgung<\/span>\n\t\t\t\t\t\t\t\t\t<\/li>\n\t\t\t\t\t\t\t\t<li class=\"elementor-icon-list-item\">\n\t\t\t\t\t\t\t\t\t\t<span class=\"elementor-icon-list-text\">Kundengewinnung<\/span>\n\t\t\t\t\t\t\t\t\t<\/li>\n\t\t\t\t\t\t\t\t<li class=\"elementor-icon-list-item\">\n\t\t\t\t\t\t\t\t\t\t<span class=\"elementor-icon-list-text\">Koordination von B2B-Vertrieb<\/span>\n\t\t\t\t\t\t\t\t\t<\/li>\n\t\t\t\t\t\t\t\t<li class=\"elementor-icon-list-item\">\n\t\t\t\t\t\t\t\t\t\t<span class=\"elementor-icon-list-text\">Marktanalyse<\/span>\n\t\t\t\t\t\t\t\t\t<\/li>\n\t\t\t\t\t\t\t\t<li class=\"elementor-icon-list-item\">\n\t\t\t\t\t\t\t\t\t\t<span class=\"elementor-icon-list-text\">Kaltakquise-Kampagnen<\/span>\n\t\t\t\t\t\t\t\t\t<\/li>\n\t\t\t\t\t\t\t\t<li class=\"elementor-icon-list-item\">\n\t\t\t\t\t\t\t\t\t\t<span class=\"elementor-icon-list-text\">Koordination des Au\u00dfendienstteams<\/span>\n\t\t\t\t\t\t\t\t\t<\/li>\n\t\t\t\t\t\t<\/ul>\n\t\t\t\t\t\t<\/div>\n\t\t\t\t<\/div>\n\t\t\t\t\t<\/div>\n\t\t\t\t<\/div>\n\t\t\t\t<\/div>\n\t\t\t\t<\/div>\n\t\t<div class=\"elementor-element elementor-element-d0aac42 e-grid e-con-boxed e-con e-parent\" data-id=\"d0aac42\" data-element_type=\"container\" data-e-type=\"container\" data-settings=\"{&quot;background_background&quot;:&quot;classic&quot;}\">\n\t\t\t\t\t<div class=\"e-con-inner\">\n\t\t<div class=\"elementor-element elementor-element-4e9d8e7 e-con-full e-flex e-con e-child\" data-id=\"4e9d8e7\" data-element_type=\"container\" data-e-type=\"container\">\n\t\t\t\t<div class=\"elementor-element elementor-element-ada9026 elementor-widget elementor-widget-text-editor\" data-id=\"ada9026\" data-element_type=\"widget\" data-e-type=\"widget\" data-widget_type=\"text-editor.default\">\n\t\t\t\t\t\t\t\t\tF\u00fcr langfristige Partnerschaften konzipiert\t\t\t\t\t\t\t\t<\/div>\n\t\t\t\t<div class=\"elementor-element elementor-element-0951afc elementor-widget elementor-widget-spacer\" data-id=\"0951afc\" data-element_type=\"widget\" data-e-type=\"widget\" data-widget_type=\"spacer.default\">\n\t\t\t\t\t\t\t<div class=\"elementor-spacer\">\n\t\t\t<div class=\"elementor-spacer-inner\"><\/div>\n\t\t<\/div>\n\t\t\t\t\t\t<\/div>\n\t\t\t\t<div class=\"elementor-element elementor-element-f21f36a elementor-widget elementor-widget-text-editor\" data-id=\"f21f36a\" data-element_type=\"widget\" data-e-type=\"widget\" data-widget_type=\"text-editor.default\">\n\t\t\t\t\t\t\t\t\t<p>Bei Luves stehen Qualit\u00e4t, Vertrauen und Kundenorientierung im Mittelpunkt unserer Unternehmenskultur. Unsere mehrsprachigen Support-Mitarbeiter sind nicht nur hochqualifiziert, sondern werden zu einer Erweiterung Ihrer Marke \u2013 sei es bei der Lead-Generierung, Kundenbindung, Kampagnenbetreuung oder technischem Support.<\/p>\t\t\t\t\t\t\t\t<\/div>\n\t\t\t\t<div class=\"elementor-element elementor-element-d005d25 elementor-widget elementor-widget-spacer\" data-id=\"d005d25\" data-element_type=\"widget\" data-e-type=\"widget\" data-widget_type=\"spacer.default\">\n\t\t\t\t\t\t\t<div class=\"elementor-spacer\">\n\t\t\t<div class=\"elementor-spacer-inner\"><\/div>\n\t\t<\/div>\n\t\t\t\t\t\t<\/div>\n\t\t\t\t<\/div>\n\t\t<div class=\"elementor-element elementor-element-49b8c0d e-con-full e-flex e-con e-child\" data-id=\"49b8c0d\" data-element_type=\"container\" data-e-type=\"container\">\n\t\t\t\t<div class=\"elementor-element elementor-element-ce2216a elementor-widget elementor-widget-text-editor\" data-id=\"ce2216a\" data-element_type=\"widget\" data-e-type=\"widget\" data-widget_type=\"text-editor.default\">\n\t\t\t\t\t\t\t\t\tExpertenteams. Echte Ergebnisse.\t\t\t\t\t\t\t\t<\/div>\n\t\t\t\t<div class=\"elementor-element elementor-element-02874b0 elementor-widget elementor-widget-spacer\" data-id=\"02874b0\" data-element_type=\"widget\" data-e-type=\"widget\" data-widget_type=\"spacer.default\">\n\t\t\t\t\t\t\t<div class=\"elementor-spacer\">\n\t\t\t<div class=\"elementor-spacer-inner\"><\/div>\n\t\t<\/div>\n\t\t\t\t\t\t<\/div>\n\t\t\t\t<div class=\"elementor-element elementor-element-57edf93 elementor-widget elementor-widget-text-editor\" data-id=\"57edf93\" data-element_type=\"widget\" data-e-type=\"widget\" data-widget_type=\"text-editor.default\">\n\t\t\t\t\t\t\t\t\tWir tauchen tief in Ihre Marke ein, \u00fcbernehmen Ihre Unternehmenskultur und gestalten Support-Prozesse, die Ihre Ziele optimal unterst\u00fctzen. Jeder Mitarbeiter wird sorgf\u00e4ltig ausgew\u00e4hlt und geschult, um an jedem Kontaktpunkt empathische und l\u00f6sungsorientierte Kommunikation zu gew\u00e4hrleisten.\t\t\t\t\t\t\t\t<\/div>\n\t\t\t\t<\/div>\n\t\t<div class=\"elementor-element elementor-element-6470abd e-con-full e-flex e-con e-child\" data-id=\"6470abd\" data-element_type=\"container\" data-e-type=\"container\">\n\t\t\t\t<div class=\"elementor-element elementor-element-3570ab4 elementor-widget elementor-widget-text-editor\" data-id=\"3570ab4\" data-element_type=\"widget\" data-e-type=\"widget\" data-widget_type=\"text-editor.default\">\n\t\t\t\t\t\t\t\t\tBranchen\u00fcbergreifend. Ergebnisorientiert.\t\t\t\t\t\t\t\t<\/div>\n\t\t\t\t<div class=\"elementor-element elementor-element-761c6a4 elementor-widget elementor-widget-spacer\" data-id=\"761c6a4\" data-element_type=\"widget\" data-e-type=\"widget\" data-widget_type=\"spacer.default\">\n\t\t\t\t\t\t\t<div class=\"elementor-spacer\">\n\t\t\t<div class=\"elementor-spacer-inner\"><\/div>\n\t\t<\/div>\n\t\t\t\t\t\t<\/div>\n\t\t\t\t<div class=\"elementor-element elementor-element-cd1ce31 elementor-widget elementor-widget-text-editor\" data-id=\"cd1ce31\" data-element_type=\"widget\" data-e-type=\"widget\" data-widget_type=\"text-editor.default\">\n\t\t\t\t\t\t\t\t\tVon Banken \u00fcber medizinische Kliniken bis hin zu E-Commerce und Start-ups \u2013 Luves passt sich Ihrem Sektor flexibel an. Ganz gleich, ob Sie B2C- oder B2B-Support ben\u00f6tigen, unser Team betreut Ihre Kundenkontakte effizient, professionell und mit gro\u00dfer Sorgfalt.\t\t\t\t\t\t\t\t<\/div>\n\t\t\t\t<\/div>\n\t\t\t\t\t<\/div>\n\t\t\t\t<\/div>\n\t\t\t\t<\/div>","protected":false},"excerpt":{"rendered":"<p>Customer Service Human connection meets operational excellence. At Luves, we help you build lasting customer relationships through professional, scalable, and multilingual customer service solutions. From call centers to technical support and lead generation, we offer seamless customer interactions that boost satisfaction and drive business growth\u2014without the overhead of managing your own in-house team. Luves Customer [&hellip;]<\/p>\n","protected":false},"author":3,"featured_media":0,"parent":0,"menu_order":0,"comment_status":"closed","ping_status":"closed","template":"elementor_header_footer","meta":{"footnotes":""},"categories":[],"tags":[],"class_list":["post-3122","page","type-page","status-publish","hentry"],"_links":{"self":[{"href":"https:\/\/www.luves.ch\/ch\/wp-json\/wp\/v2\/pages\/3122","targetHints":{"allow":["GET"]}}],"collection":[{"href":"https:\/\/www.luves.ch\/ch\/wp-json\/wp\/v2\/pages"}],"about":[{"href":"https:\/\/www.luves.ch\/ch\/wp-json\/wp\/v2\/types\/page"}],"author":[{"embeddable":true,"href":"https:\/\/www.luves.ch\/ch\/wp-json\/wp\/v2\/users\/3"}],"replies":[{"embeddable":true,"href":"https:\/\/www.luves.ch\/ch\/wp-json\/wp\/v2\/comments?post=3122"}],"version-history":[{"count":1,"href":"https:\/\/www.luves.ch\/ch\/wp-json\/wp\/v2\/pages\/3122\/revisions"}],"predecessor-version":[{"id":3331,"href":"https:\/\/www.luves.ch\/ch\/wp-json\/wp\/v2\/pages\/3122\/revisions\/3331"}],"wp:attachment":[{"href":"https:\/\/www.luves.ch\/ch\/wp-json\/wp\/v2\/media?parent=3122"}],"wp:term":[{"taxonomy":"category","embeddable":true,"href":"https:\/\/www.luves.ch\/ch\/wp-json\/wp\/v2\/categories?post=3122"},{"taxonomy":"post_tag","embeddable":true,"href":"https:\/\/www.luves.ch\/ch\/wp-json\/wp\/v2\/tags?post=3122"}],"curies":[{"name":"wp","href":"https:\/\/api.w.org\/{rel}","templated":true}]}}